{"id":9979,"date":"2017-09-26T09:12:25","date_gmt":"2017-09-26T09:12:25","guid":{"rendered":"http:\/\/www.spacinqmondes-lyonest.com\/?page_id=9979"},"modified":"2020-09-26T13:15:02","modified_gmt":"2020-09-26T13:15:02","slug":"spa-informations","status":"publish","type":"page","link":"https:\/\/www.spacinqmondes-lyonest.com\/?page_id=9979","title":{"rendered":"Spa informations"},"content":{"rendered":"<p>[vc_row center_bck_image=&#8221;no&#8221;][vc_column width=&#8221;1\/2&#8243;][vc_column_text]<\/p>\n<p class=\"p1\" style=\"text-align: left;\"><strong>JOURS ET HEURES D\u2019OUVERTURE \/ <span class=\"s1\"><i>OPENING HOUR:<\/i><\/span><\/strong><\/p>\n<p class=\"p1\" style=\"text-align: left;\">Du Lundi au Vendredi de 11h00 \u00e0 20h00 et Samedi\/Dimanche de 10h00 \u00e0 20h00.<br \/>\n<i>From Monday to Friday at 11.00 AM to 8.00 PM and Saturday\/Sunday at 10.00 AM to 8.00 PM.<\/i><\/p>\n<p class=\"p2\" style=\"text-align: left;\"><strong><span class=\"s2\">\u00c2GE REQUIS \/ <\/span><i>AGE REQUIREMENT:<\/i><\/strong><\/p>\n<p class=\"p1\" style=\"text-align: left;\">Les enfants de 5 \u00e0 18 ans doivent \u00eatre accompagn\u00e9s d\u2019un adulte, le spa est un environnement d\u00e9di\u00e9 au calme et \u00e0 la relaxation, merci de bien vouloir<span class=\"Apple-converted-space\">\u00a0 <\/span>respecter la s\u00e9r\u00e9nit\u00e9 du spa. Les enfants de moins de 15 ans ne sont pas autoris\u00e9s \u00e0 acceder \u00e0 l\u2019espace Aqua Relax.<br \/>\n<span class=\"s2\">Y<\/span><i>oung adults between the age of 5 and 18 must be accompagnied by an adult. The spa environment is one of tranquility and relaxation, please respect the spa privacy and serenity. Children under 15 are not allowed into Aqua Relax area.<\/i><\/p>\n<p class=\"p1\" style=\"text-align: left;\"><strong>CONDITIONS DE SANT\u00c9 \/ <span class=\"s1\"><i>HEALTH CONDITION:<\/i><\/span><\/strong><\/p>\n<p class=\"p1\" style=\"text-align: left;\">Les massages et soins ont une vocation de d\u00e9tente et sont non m\u00e9dicalis\u00e9s.<span class=\"Apple-converted-space\">\u00a0 <\/span><br \/>\nMerci de nous avertir de tout probl\u00e8me de sant\u00e9, de grossesse, allergie ou blessures qui pourraient entraver le bon d\u00e9roulement du soin.<br \/>\n<i>Please advise us of any health conditions, pregnancy, allergies or injuries that could<span class=\"Apple-converted-space\">\u00a0 <\/span>affect your treatment.<\/i><\/p>\n<p class=\"p1\" style=\"text-align: left;\"><strong>VOTRE ARRIV\u00c9E AU SPA \/ <span class=\"s1\"><i>SPA ARRIVAL:<\/i><\/span><\/strong><\/p>\n<p class=\"p1\" style=\"text-align: left;\">Nous vous remercions de bien vouloir vous pr\u00e9senter \u00e0 la r\u00e9ception du Spa 15 minutes avant votre soin. Tout retard entra\u00eenera une r\u00e9duction de la dur\u00e9e du soin.<br \/>\n<i>It is advisable to arrive at the Spa 15 min prior to your treatment. Please be aware that late arrivals will not receive an extension to their treatment.<\/i><\/p>\n<p class=\"p1\" style=\"text-align: left;\"><strong>POLITIQUE D\u2019ANNULATION \/ <span class=\"s1\"><i>CANCELLATION POLICY:<\/i><\/span><\/strong><\/p>\n<p class=\"p1\" style=\"text-align: left;\">Toute annulation qui ne sera pas signal\u00e9e au moins 48h \u00e0 l\u2019avance fera l\u2019objet d\u2019une facturation \u00e9gale \u00e0 100% du prix du soin.<br \/>\n<i>Please allow 48h notice for cancellation of treatments to avoid a 100% charge.<\/i><\/p>\n<p>[\/vc_column_text][\/vc_column][vc_column width=&#8221;1\/2&#8243;][vc_single_image image=&#8221;9994&#8243; img_size=&#8221;full&#8221;][\/vc_column][\/vc_row]<\/p>\n","protected":false},"excerpt":{"rendered":"<p>[vc_row center_bck_image=&#8221;no&#8221;][vc_column width=&#8221;1\/2&#8243;][vc_column_text] JOURS ET HEURES D\u2019OUVERTURE \/ OPENING HOUR: Du Lundi au Vendredi de 11h00 \u00e0 20h00 et Samedi\/Dimanche de 10h00 \u00e0 20h00. From Monday to Friday at 11.00 AM to 8.00 PM and Saturday\/Sunday at 10.00 AM to 8.00 PM. \u00c2GE REQUIS \/&#8230;<\/p>\n","protected":false},"author":1,"featured_media":0,"parent":0,"menu_order":0,"comment_status":"closed","ping_status":"closed","template":"","meta":[],"_links":{"self":[{"href":"https:\/\/www.spacinqmondes-lyonest.com\/index.php?rest_route=\/wp\/v2\/pages\/9979"}],"collection":[{"href":"https:\/\/www.spacinqmondes-lyonest.com\/index.php?rest_route=\/wp\/v2\/pages"}],"about":[{"href":"https:\/\/www.spacinqmondes-lyonest.com\/index.php?rest_route=\/wp\/v2\/types\/page"}],"author":[{"embeddable":true,"href":"https:\/\/www.spacinqmondes-lyonest.com\/index.php?rest_route=\/wp\/v2\/users\/1"}],"replies":[{"embeddable":true,"href":"https:\/\/www.spacinqmondes-lyonest.com\/index.php?rest_route=%2Fwp%2Fv2%2Fcomments&post=9979"}],"version-history":[{"count":6,"href":"https:\/\/www.spacinqmondes-lyonest.com\/index.php?rest_route=\/wp\/v2\/pages\/9979\/revisions"}],"predecessor-version":[{"id":10480,"href":"https:\/\/www.spacinqmondes-lyonest.com\/index.php?rest_route=\/wp\/v2\/pages\/9979\/revisions\/10480"}],"wp:attachment":[{"href":"https:\/\/www.spacinqmondes-lyonest.com\/index.php?rest_route=%2Fwp%2Fv2%2Fmedia&parent=9979"}],"curies":[{"name":"wp","href":"https:\/\/api.w.org\/{rel}","templated":true}]}}